{"id":9,"date":"2021-11-02T11:31:24","date_gmt":"2021-11-02T10:31:24","guid":{"rendered":"https:\/\/winsomeflames.com\/about\/"},"modified":"2024-04-10T19:44:11","modified_gmt":"2024-04-10T17:44:11","slug":"om-oss-kennel-winsome-flames","status":"publish","type":"page","link":"https:\/\/winsomeflames.com\/sv_se\/om-oss-kennel-winsome-flames\/","title":{"rendered":"Om oss"},"content":{"rendered":"\n<h2 class=\"wp-block-heading has-text-align-left\" id=\"winsome-flames-is-a-small-family-run-kennel-based-in-stockholm-dedicated-to-english-toy-terrier\"><\/h2>\n\n\n\n<h2 class=\"wp-block-heading has-text-align-left\" id=\"winsome-flames-is-a-small-family-run-kennel-based-in-stockholm-dedicated-to-english-toy-terrier\">Winsome Flames \u00e4r en familje\u00e4gd kennel i Stockholm med uppf\u00f6dning av English Toy Terrier i liten skala.<\/h2>\n\n\n\n<p class=\"wp-block-paragraph\"><\/p>\n\n\n\n<h2 class=\"wp-block-heading has-text-align-left\" id=\"winsome-flames-is-a-small-family-run-kennel-based-in-stockholm-dedicated-to-english-toy-terrier\"><\/h2>\n\n\n\n<p class=\"wp-block-paragraph\">Namnet \u201dWinsome Flames\u201d betyder charmiga flammor, en English Toy Terriers \u00f6ron ska likna en eldflamma och d\u00e4rf\u00f6r tyckte vi att namnet passade perfekt f\u00f6r oss.<\/p>\n\n\n\n<p class=\"wp-block-paragraph\">V\u00e5r m\u00e5ls\u00e4ttning \u00e4r att avla fram trevliga och sunda valpar med bra temperament, som \u00e4ven besitter en sund fysik och efterlever rasstandarden p\u00e5 ett \u00f6nskv\u00e4rt s\u00e4tt. Som relativt nya uppf\u00f6dare k\u00e4nner vi oss lyckligt lottade att ha ett s\u00e5 fantastiskt n\u00e4tverk av erfarna uppf\u00f6dare som mentorer och v\u00e4nner att dela v\u00e5r resa som uppf\u00f6dare med.<\/p>\n\n\n\n<p class=\"wp-block-paragraph\">V\u00e5ra valpar bor med oss i v\u00e5rt hem, vi har en stor inh\u00e4gnad tr\u00e4dg\u00e5rd med gott om plats f\u00f6r uppt\u00e4ckande och lek. Familjen best\u00e5r av mamma Disa, pappa Jocke och v\u00e5r son Jonathan. Den mesta tiden spenderar vi i Sverige men s\u00e5 ofta vi har m\u00f6jlighet tar vi med oss hundarna och reser till v\u00e5rt andra hem i Estepona, Spanien.<\/p>\n\n\n\n<p class=\"wp-block-paragraph\">F\u00f6rsta g\u00e5ngen vi tr\u00e4ffade en English Toy Terrier var p\u00e5 en hundutst\u00e4llning i Stockholm, vi visste med en g\u00e5ng att detta var r\u00e4tt ras f\u00f6r oss, liten men kraftfull och lojal. Efter ett gediget researcharbete best\u00e4mde vi oss f\u00f6r att ta hem v\u00e5r f\u00f6rsta avelstik fr\u00e5n Norge, Historical Diamond\u2019s Lady Sansa. Vi \u00e4r genuint h\u00e4ngivna att g\u00f6ra v\u00e5rt yttersta f\u00f6r att bevara denna underbara ras genom ansvarsfull avel men \u00e4ven genom att vara flitiga ambassad\u00f6rer och sprida kunskap om rasen. Alla v\u00e5ra valpk\u00f6pare och foderv\u00e4rdar ser vi som en del av v\u00e5r kennel-familj, vi finns alltid tillhands med st\u00f6d och hj\u00e4lp, vi arrangerar \u00e4ven rastr\u00e4ffar och kenneltr\u00e4ffar.<\/p>\n\n\n\n<p class=\"wp-block-paragraph\">Kennel Winsome Flames \u00e4r naturligtvis registrerat och godk\u00e4nt av SKK och FCI, Disa har genomg\u00e5tt uppf\u00f6darutbildningen framtagen av Svenska Kennelklubben.<\/p>\n\n\n\n<p class=\"wp-block-paragraph\">F\u00f6lj oss p\u00e5 sociala medier <a href=\"https:\/\/www.facebook.com\/EnglishToyTerriers\/about?viewas=100000686899395\">https:\/\/www.facebook.com\/EnglishToyTerriers\/about?viewas=100000686899395<\/a>L\u00e4r k\u00e4nna v\u00e5ra hundar <a href=\"https:\/\/winsomeflames.com\/sv_se\/vara-hundar\/\">https:\/\/winsomeflames.com\/sv_se\/vara-hundar\/<\/a><\/p>\n\n\n\n<p class=\"has-text-color has-link-color wp-elements-abda26c4bb9f2c002af6dc4669161aea wp-block-paragraph\" style=\"color:#6d8276\"><\/p>\n","protected":false},"excerpt":{"rendered":"<p>Winsome Flames \u00e4r en familje\u00e4gd kennel i Stockholm med uppf\u00f6dning av English Toy Terrier i liten skala. Namnet \u201dWinsome Flames\u201d betyder charmiga flammor, en English Toy Terriers \u00f6ron ska likna en eldflamma och d\u00e4rf\u00f6r tyckte vi att namnet passade perfekt f\u00f6r oss. V\u00e5r m\u00e5ls\u00e4ttning \u00e4r att avla fram trevliga och sunda valpar med bra temperament, &hellip; <a class=\"more-link\" href=\"https:\/\/winsomeflames.com\/sv_se\/om-oss-kennel-winsome-flames\/\">Mer <span class=\"screen-reader-text\">Om oss<\/span><\/a><\/p>\n","protected":false},"author":99860554,"featured_media":2184,"parent":0,"menu_order":0,"comment_status":"closed","ping_status":"closed","template":"template-full.php","meta":{"_crdt_document":"","_monsterinsights_skip_tracking":false,"_monsterinsights_sitenote_active":false,"_monsterinsights_sitenote_note":"","_monsterinsights_sitenote_category":0,"_uf_show_specific_survey":0,"_uf_disable_surveys":false,"jetpack_post_was_ever_published":false,"footnotes":""},"tags":[],"class_list":["post-9","page","type-page","status-publish","has-post-thumbnail","hentry"],"aioseo_notices":[],"jetpack_likes_enabled":null,"jetpack_sharing_enabled":false,"jetpack_shortlink":"https:\/\/wp.me\/PduGTm-9","jetpack-related-posts":[],"_links":{"self":[{"href":"https:\/\/winsomeflames.com\/sv_se\/wp-json\/wp\/v2\/pages\/9","targetHints":{"allow":["GET"]}}],"collection":[{"href":"https:\/\/winsomeflames.com\/sv_se\/wp-json\/wp\/v2\/pages"}],"about":[{"href":"https:\/\/winsomeflames.com\/sv_se\/wp-json\/wp\/v2\/types\/page"}],"author":[{"embeddable":true,"href":"https:\/\/winsomeflames.com\/sv_se\/wp-json\/wp\/v2\/users\/99860554"}],"replies":[{"embeddable":true,"href":"https:\/\/winsomeflames.com\/sv_se\/wp-json\/wp\/v2\/comments?post=9"}],"version-history":[{"count":51,"href":"https:\/\/winsomeflames.com\/sv_se\/wp-json\/wp\/v2\/pages\/9\/revisions"}],"predecessor-version":[{"id":2731,"href":"https:\/\/winsomeflames.com\/sv_se\/wp-json\/wp\/v2\/pages\/9\/revisions\/2731"}],"wp:featuredmedia":[{"embeddable":true,"href":"https:\/\/winsomeflames.com\/sv_se\/wp-json\/wp\/v2\/media\/2184"}],"wp:attachment":[{"href":"https:\/\/winsomeflames.com\/sv_se\/wp-json\/wp\/v2\/media?parent=9"}],"wp:term":[{"taxonomy":"post_tag","embeddable":true,"href":"https:\/\/winsomeflames.com\/sv_se\/wp-json\/wp\/v2\/tags?post=9"}],"curies":[{"name":"wp","href":"https:\/\/api.w.org\/{rel}","templated":true}]}}